{"id":219,"date":"2017-11-13T11:27:56","date_gmt":"2017-11-13T11:27:56","guid":{"rendered":"https:\/\/storlund.fi?page_id=219"},"modified":"2025-02-03T09:28:53","modified_gmt":"2025-02-03T09:28:53","slug":"yrityksemme","status":"publish","type":"page","link":"https:\/\/storlund.fi\/fi\/yrityksemme\/","title":{"rendered":"Yrityksemme"},"content":{"rendered":"<div  class=\"tatsu-g0tcfcvf8ofx2ebx tatsu-section    tatsu-clearfix\" data-title=\"\"  data-headerscheme=\"background--dark\"><div class='tatsu-section-pad clearfix' data-padding='{\"d\":\"60px 5% 60px 5%\",\"m\":\"60px 5% 60px 5%\",\"t\":\"60px 2% 60px 2%\"}' data-padding-top='60px'><div class=\"tatsu-row-wrap  tatsu-row-full-width tatsu-row-one-col tatsu-row-has-one-cols tatsu-medium-gutter tatsu-reg-cols  tatsu-clearfix tatsu-g0tcfcvfhk5wyhp8\" ><div  class=\"tatsu-row \" ><div  class=\"tatsu-column  tatsu-column-no-bg tatsu-one-col tatsu-column-image-none tatsu-column-effect-none  tatsu-g0tcfcvfn7165esl\"  data-parallax-speed=\"0\" style=\"\"><div class=\"tatsu-column-inner \" ><div class=\"tatsu-column-pad-wrap\"><div class=\"tatsu-column-pad\" ><div  class=\"special-heading-wrap style1 oshine-module  tatsu-g0tcfcvfrwec9179  \" ><div class=\"special-heading align-center\"><h3 class=\"special-h-tag\" >Yrityksemme<\/h3><div class=\"sep-with-icon-wrap margin-bottom\"><span class=\"sep-with-icon\" ><\/span><i class=\"sep-icon font-icon icon-tools\"><\/i><span class=\"sep-with-icon\" ><\/span><\/div><\/div><style>.tatsu-g0tcfcvfrwec9179 .special-h-tag{color: rgba(74,144,226,1) ;}.tatsu-g0tcfcvfrwec9179 .sep-icon.oshine_diamond{background: rgba(74,144,226,1);}.tatsu-g0tcfcvfrwec9179 .sep-icon{color: rgba(74,144,226,1) ;}.tatsu-g0tcfcvfrwec9179 .sep-with-icon{height: 1px;width: 20px;background: rgba(74,144,226,1);}<\/style><\/div><div  class=\"tatsu-module tatsu-text-block-wrap tatsu-g0tcfcvkj11xk9lj  \"><div class=\"tatsu-text-inner tatsu-align-center  clearfix\" ><style>.tatsu-g0tcfcvkj11xk9lj.tatsu-text-block-wrap .tatsu-text-inner{width: 80%;text-align: left;}@media only screen and (min-width:768px) and (max-width: 1024px) {.tatsu-g0tcfcvkj11xk9lj.tatsu-text-block-wrap .tatsu-text-inner{width: 90%;}}@media only screen and (max-width: 767px) {.tatsu-g0tcfcvkj11xk9lj.tatsu-text-block-wrap .tatsu-text-inner{width: 100%;}}<\/style>\n<p><span style=\"font-size: 12pt; color: #4a90e2;\"><strong>Yrityksemme tarina alkoi toukokuussa 1981, kun rakennusmestari Hans-Erik (Hasse) Storlund ja Rune Nyvall perustivat kommandiittiyhti\u00f6n <\/strong><em><strong>Byggtj\u00e4nst Storlund och Nyvall<\/strong><\/em><strong>. He suorittivat aluksi p\u00e4\u00e4asiassa omakotitalojen peruskorjauksia ja pienkohteiden uudisrakentamista, mutta kysynt\u00e4 kasvoi nopeasti ja jo saman vuoden syksyn\u00e4 he palkkasivat kaksi ty\u00f6ntekij\u00e4\u00e4 yritykseens\u00e4. Ty\u00f6m\u00e4\u00e4r\u00e4n lis\u00e4\u00e4ntyess\u00e4 ty\u00f6ntekij\u00f6iden lukum\u00e4\u00e4r\u00e4 kasvoi ja projekteista tuli yh\u00e4 suurempia ja ty\u00f6l\u00e4\u00e4mpi\u00e4. Viisi vuotta my\u00f6hemmin, vuonna 1986, palkkalistoilla oli jo kymmenkunta ty\u00f6ntekij\u00e4\u00e4. Vuonna 1989 Rune j\u00e4tt\u00e4ytyi terveyssyist\u00e4 pois yrityksest\u00e4 ja Hasse jatkoi yksin sen luotsaamista. Samassa yhteydess\u00e4 vaihtui yhti\u00f6muoto ja perustettiin <em>Byggtj\u00e4nst H-E Storlund Oy<\/em>.<\/strong><\/span><\/p>\n<\/div><\/div><div  class=\"tatsu-empty-space  tatsu-hide-0 tatsu-hide-mobile tatsu-g0tcfcvlgpev0a6c  tatsu-hide-mobile \" ><style>.tatsu-g0tcfcvlgpev0a6c.tatsu-empty-space{height: 30px;}<\/style><\/div><\/div><\/div><div class = \"tatsu-column-bg-image-wrap\"><div class = \"tatsu-column-bg-image\" ><\/div><\/div><\/div><style>.tatsu-row > .tatsu-g0tcfcvfn7165esl.tatsu-column{width: 100%;}.tatsu-g0tcfcvfn7165esl.tatsu-column > .tatsu-column-inner > .tatsu-column-pad-wrap > .tatsu-column-pad{padding: 0px 0% 0px 0% ;}.tatsu-g0tcfcvfn7165esl.tatsu-column{margin: 0px 0% 0px 0%  !important;}.tatsu-g0tcfcvfn7165esl.tatsu-column > .tatsu-column-inner > .tatsu-column-overlay{mix-blend-mode: none;}.tatsu-g0tcfcvfn7165esl > .tatsu-column-inner > .tatsu-top-divider{z-index: 9999;}.tatsu-g0tcfcvfn7165esl > .tatsu-column-inner > .tatsu-bottom-divider{z-index: 9999;}.tatsu-g0tcfcvfn7165esl > .tatsu-column-inner > .tatsu-left-divider{z-index: 9999;}.tatsu-g0tcfcvfn7165esl > .tatsu-column-inner > .tatsu-right-divider{z-index: 9999;}<\/style><\/div><\/div><\/div><div class=\"tatsu-row-wrap  tatsu-row-full-width tatsu-row-has-one-half tatsu-row-has-two-cols tatsu-medium-gutter tatsu-reg-cols  tatsu-clearfix tatsu-g0tcfcvm3w5od1bi\" ><div  class=\"tatsu-row \" ><div  class=\"tatsu-column  tatsu-column-no-bg tatsu-one-half tatsu-column-image-none tatsu-column-effect-none  tatsu-g0tcfcvma93q3sai\"  data-parallax-speed=\"0\" style=\"\"><div class=\"tatsu-column-inner \" ><div class=\"tatsu-column-pad-wrap\"><div class=\"tatsu-column-pad\" ><div  class=\"tatsu-module tatsu-text-block-wrap tatsu-g0tcfcvmefddqs8u  \"><div class=\"tatsu-text-inner tatsu-align-center  clearfix\" ><style>.tatsu-g0tcfcvmefddqs8u.tatsu-text-block-wrap .tatsu-text-inner{width: 100%;text-align: left;}<\/style>\n<p><img loading=\"lazy\" decoding=\"async\" class=\"alignnone wp-image-41 \" src=\"https:\/\/storlund.fi\/wp-content\/uploads\/2017\/09\/Blomsterhuset.jpg\" alt=\"\" width=\"1185\" height=\"1023\" srcset=\"https:\/\/storlund.fi\/wp-content\/uploads\/2017\/09\/Blomsterhuset.jpg 1633w, https:\/\/storlund.fi\/wp-content\/uploads\/2017\/09\/Blomsterhuset-300x259.jpg 300w, https:\/\/storlund.fi\/wp-content\/uploads\/2017\/09\/Blomsterhuset-768x664.jpg 768w, https:\/\/storlund.fi\/wp-content\/uploads\/2017\/09\/Blomsterhuset-1024x885.jpg 1024w, https:\/\/storlund.fi\/wp-content\/uploads\/2017\/09\/Blomsterhuset-58x50.jpg 58w, https:\/\/storlund.fi\/wp-content\/uploads\/2017\/09\/Blomsterhuset-650x562.jpg 650w, https:\/\/storlund.fi\/wp-content\/uploads\/2017\/09\/Blomsterhuset-1000x864.jpg 1000w\" sizes=\"auto, (max-width: 1185px) 100vw, 1185px\" \/><\/p>\n<\/div><\/div><div  class=\"tatsu-empty-space  tatsu-hide-tablet tatsu-hide-laptop tatsu-hide-desktop tatsu-S1p-nNaUN  tatsu-hide-tablet tatsu-hide-laptop tatsu-hide-desktop \" ><style>.tatsu-S1p-nNaUN.tatsu-empty-space{height: 30px;}@media only screen and (max-width: 767px) {.tatsu-S1p-nNaUN.tatsu-empty-space{height: 15px;}}<\/style><\/div><\/div><\/div><div class = \"tatsu-column-bg-image-wrap\"><div class = \"tatsu-column-bg-image\" ><\/div><\/div><\/div><style>.tatsu-row > .tatsu-g0tcfcvma93q3sai.tatsu-column{width: 50%;}.tatsu-g0tcfcvma93q3sai.tatsu-column > .tatsu-column-inner > .tatsu-column-pad-wrap > .tatsu-column-pad{padding: 0px 0% 0px 0px ;}.tatsu-g0tcfcvma93q3sai.tatsu-column{margin: 0px 0px 0px 0px  !important;}.tatsu-g0tcfcvma93q3sai.tatsu-column > .tatsu-column-inner > .tatsu-column-overlay{mix-blend-mode: none;}.tatsu-g0tcfcvma93q3sai > .tatsu-column-inner > .tatsu-top-divider{z-index: 9999;}.tatsu-g0tcfcvma93q3sai > .tatsu-column-inner > .tatsu-bottom-divider{z-index: 9999;}.tatsu-g0tcfcvma93q3sai > .tatsu-column-inner > .tatsu-left-divider{z-index: 9999;}.tatsu-g0tcfcvma93q3sai > .tatsu-column-inner > .tatsu-right-divider{z-index: 9999;}@media only screen and (max-width: 767px) {.tatsu-row > .tatsu-g0tcfcvma93q3sai.tatsu-column{width: 100%;}}<\/style><\/div><div  class=\"tatsu-column  tatsu-column-no-bg tatsu-one-half tatsu-column-image-none tatsu-column-effect-none  tatsu-g0tcfcvo2n8bmz60\"  data-parallax-speed=\"0\" style=\"\"><div class=\"tatsu-column-inner \" ><div class=\"tatsu-column-pad-wrap\"><div class=\"tatsu-column-pad\" ><div  class=\"tatsu-module tatsu-text-block-wrap tatsu-g0tcfcvo804q5m0t  \"><div class=\"tatsu-text-inner tatsu-align-center  clearfix\" ><style>.tatsu-g0tcfcvo804q5m0t.tatsu-text-block-wrap .tatsu-text-inner{width: 100%;text-align: left;}<\/style>\n<p><span style=\"font-size: 12pt; color: #4a90e2;\"><strong>Ensimm\u00e4inen hieman isompi hanke oli Vaasan Aaltopuiston asuintalojen peruskorjaus vuosina 1985\u20131986 ja heti sen per\u00e4\u00e4n Kukkaistalon peruskorjaus (ks. oheinen kuva). Sittemmin yritys on toteuttanut nykyp\u00e4iv\u00e4\u00e4n saakka monia muita yht\u00e4 mittavia ja viel\u00e4 suurempia hankkeita, niin saneerauksia kuin uudisrakennuksia. Mainittakoon esimerkkein\u00e4 Finlaysonin ty\u00f6suhdeasunnot, Kastusg\u00e5rden (vanhustenasuntola), Norrvalla, Kunin koulu, Raippaluodon p\u00e4iv\u00e4koti, K\u00e5rkullan hoitokoti, V\u00f6yrin urheilulukion asuntola, Oravaisten terveyskeskus, Nimetech Oy:n ja UH-Koneistus Oy:n teollisuushallit.<\/strong><\/span><\/p>\n<p><span style=\"color: #4a90e2; font-size: 12pt;\"><strong>1990-luvun alussa t\u00f6it\u00e4 riitti jopa 20\u201325 ty\u00f6ntekij\u00e4lle. 1990-luvun puoliv\u00e4list\u00e4 t\u00e4h\u00e4n p\u00e4iv\u00e4\u00e4n saakka Byggtj\u00e4nst H-E Storlund on ty\u00f6llist\u00e4nyt 10\u201315 ty\u00f6ntekij\u00e4\u00e4 ja sen vuotuinen liikevaihto on n. 2\u20133 miljoona euroa. <\/strong><\/span><\/p>\n<\/div><\/div><\/div><\/div><div class = \"tatsu-column-bg-image-wrap\"><div class = \"tatsu-column-bg-image\" ><\/div><\/div><\/div><style>.tatsu-row > .tatsu-g0tcfcvo2n8bmz60.tatsu-column{width: 50%;}.tatsu-g0tcfcvo2n8bmz60.tatsu-column{margin: 0px 0px 0px 0px  !important;}.tatsu-g0tcfcvo2n8bmz60.tatsu-column > .tatsu-column-inner > .tatsu-column-overlay{mix-blend-mode: none;}.tatsu-g0tcfcvo2n8bmz60 > .tatsu-column-inner > .tatsu-top-divider{z-index: 9999;}.tatsu-g0tcfcvo2n8bmz60 > .tatsu-column-inner > .tatsu-bottom-divider{z-index: 9999;}.tatsu-g0tcfcvo2n8bmz60 > .tatsu-column-inner > .tatsu-left-divider{z-index: 9999;}.tatsu-g0tcfcvo2n8bmz60 > .tatsu-column-inner > .tatsu-right-divider{z-index: 9999;}@media only screen and (max-width: 767px) {.tatsu-row > .tatsu-g0tcfcvo2n8bmz60.tatsu-column{width: 100%;}}<\/style><\/div><\/div><\/div><div class=\"tatsu-row-wrap  tatsu-row-full-width tatsu-row-one-col tatsu-row-has-one-cols tatsu-medium-gutter tatsu-reg-cols  tatsu-clearfix tatsu-g0tcfcvp03a5aw4d\" ><div  class=\"tatsu-row \" ><div  class=\"tatsu-column  tatsu-column-no-bg tatsu-one-col tatsu-column-image-none tatsu-column-effect-none  tatsu-g0tcfcvp6m8j77os\"  data-parallax-speed=\"0\" style=\"\"><div class=\"tatsu-column-inner \" ><div class=\"tatsu-column-pad-wrap\"><div class=\"tatsu-column-pad\" ><div  class=\"tatsu-empty-space  tatsu-g0tcfcvpb14xhg0o  \" ><style>.tatsu-g0tcfcvpb14xhg0o.tatsu-empty-space{height: 30px;}<\/style><\/div><div  class=\"tatsu-module tatsu-text-block-wrap tatsu-g0tcfcvpss8ivn0e  \"><div class=\"tatsu-text-inner tatsu-align-center  clearfix\" ><style>.tatsu-g0tcfcvpss8ivn0e.tatsu-text-block-wrap .tatsu-text-inner{width: 80%;text-align: left;}@media only screen and (min-width:768px) and (max-width: 1024px) {.tatsu-g0tcfcvpss8ivn0e.tatsu-text-block-wrap .tatsu-text-inner{width: 90%;}}@media only screen and (max-width: 767px) {.tatsu-g0tcfcvpss8ivn0e.tatsu-text-block-wrap .tatsu-text-inner{width: 100%;}}<\/style>\n<p><span style=\"font-size: 12pt; color: #4a90e2;\"><strong>Nyt on meneill\u00e4\u00e4n muutoksen aika, sill\u00e4 Hans-Erik on siirtym\u00e4ss\u00e4 osa-aikael\u00e4kkeelt\u00e4 vanhuusel\u00e4kkeelle. <\/strong><strong>Vuonna 2017 Staffan Julin (tj) on ottanut yrityksen johdon haltuunsa Hans-Erikin pysyess\u00e4 viel\u00e4 hallituksen puheenjohtajana. Sukupolvenvaihdoksen ja hallitusty\u00f6n uudistamisen my\u00f6t\u00e4 otamme uuden askeleen kohti tulevaisuutta. Ydintoimintamme jatkuu kuitenkin entiseen tapaan. Se on Byggtj\u00e4nst H-E Storlund Oy:n kulmakivi, joka on luonut yrityksest\u00e4 sellaisen kuin se nykyp\u00e4iv\u00e4n\u00e4 on, mutta hy\u00f6dynn\u00e4mme toiminnassamme my\u00f6s uusia ajatuksia ja ideoita.<\/strong><\/span><\/p>\n<p>\u00a0<\/p>\n<\/div><\/div><\/div><\/div><div class = \"tatsu-column-bg-image-wrap\"><div class = \"tatsu-column-bg-image\" ><\/div><\/div><\/div><style>.tatsu-row > .tatsu-g0tcfcvp6m8j77os.tatsu-column{width: 100%;}.tatsu-g0tcfcvp6m8j77os.tatsu-column{margin: 0px 0% 0px 0%  !important;}.tatsu-g0tcfcvp6m8j77os.tatsu-column > .tatsu-column-inner > .tatsu-column-overlay{mix-blend-mode: none;}.tatsu-g0tcfcvp6m8j77os > .tatsu-column-inner > .tatsu-top-divider{z-index: 9999;}.tatsu-g0tcfcvp6m8j77os > .tatsu-column-inner > .tatsu-bottom-divider{z-index: 9999;}.tatsu-g0tcfcvp6m8j77os > .tatsu-column-inner > .tatsu-left-divider{z-index: 9999;}.tatsu-g0tcfcvp6m8j77os > .tatsu-column-inner > .tatsu-right-divider{z-index: 9999;}<\/style><\/div><\/div><\/div><div class=\"tatsu-row-wrap  tatsu-wrap tatsu-row-has-three-cols tatsu-medium-gutter tatsu-reg-cols  tatsu-clearfix tatsu-g0tcfcvqhndaz1uh\" ><div  class=\"tatsu-row \" ><div  class=\"tatsu-column  tatsu-bg-overlay tatsu-one-third tatsu-column-image-none tatsu-column-effect-none  tatsu-HJWUN8n_76\"  data-parallax-speed=\"0\" style=\"\"><div class=\"tatsu-column-inner \" ><div class=\"tatsu-column-pad-wrap\"><div class=\"tatsu-column-pad\" ><div  class=\"tatsu-module tatsu-text-block-wrap tatsu-rkoVU3uXa  \"><div class=\"tatsu-text-inner tatsu-align-center  clearfix\" ><style>.tatsu-rkoVU3uXa.tatsu-text-block-wrap .tatsu-text-inner{width: 100%;text-align: left;}<\/style>\n<p><img loading=\"lazy\" decoding=\"async\" class=\"alignnone wp-image-1306 size-full\" src=\"https:\/\/storlund.fi\/wp-content\/uploads\/2023\/11\/Kestomenestyjat-7v-Email-FI-2023.png\" alt=\"\" width=\"550\" height=\"140\" srcset=\"https:\/\/storlund.fi\/wp-content\/uploads\/2023\/11\/Kestomenestyjat-7v-Email-FI-2023.png 550w, https:\/\/storlund.fi\/wp-content\/uploads\/2023\/11\/Kestomenestyjat-7v-Email-FI-2023-300x76.png 300w, https:\/\/storlund.fi\/wp-content\/uploads\/2023\/11\/Kestomenestyjat-7v-Email-FI-2023-196x50.png 196w, https:\/\/storlund.fi\/wp-content\/uploads\/2023\/11\/Kestomenestyjat-7v-Email-FI-2023-50x13.png 50w\" sizes=\"auto, (max-width: 550px) 100vw, 550px\" \/><\/p>\n<\/div><\/div><\/div><\/div><div class = \"tatsu-column-bg-image-wrap\"><div class = \"tatsu-column-bg-image\" ><\/div><\/div><div class=\"tatsu-overlay tatsu-column-overlay tatsu-animate-none\" ><\/div><\/div><style>.tatsu-row > .tatsu-HJWUN8n_76.tatsu-column{width: 33.33%;}.tatsu-HJWUN8n_76.tatsu-column > .tatsu-column-inner > .tatsu-column-overlay{mix-blend-mode: normal;}.tatsu-HJWUN8n_76 > .tatsu-column-inner > .tatsu-top-divider{z-index: 9999;}.tatsu-HJWUN8n_76 > .tatsu-column-inner > .tatsu-bottom-divider{z-index: 9999;}.tatsu-HJWUN8n_76 > .tatsu-column-inner > .tatsu-left-divider{z-index: 9999;}.tatsu-HJWUN8n_76 > .tatsu-column-inner > .tatsu-right-divider{z-index: 9999;}@media only screen and (max-width:1377px) {.tatsu-row > .tatsu-HJWUN8n_76.tatsu-column{width: 33.33%;}}@media only screen and (min-width:768px) and (max-width: 1024px) {.tatsu-row > .tatsu-HJWUN8n_76.tatsu-column{width: 33.33%;}}@media only screen and (max-width: 767px) {.tatsu-row > .tatsu-HJWUN8n_76.tatsu-column{width: 100%;}}<\/style><\/div><div  class=\"tatsu-column  tatsu-column-no-bg tatsu-one-third tatsu-column-image-none tatsu-column-effect-none  tatsu-g0tcfcvqo53cdes\"  data-parallax-speed=\"0\" style=\"\"><div class=\"tatsu-column-inner \" ><div class=\"tatsu-column-pad-wrap\"><div class=\"tatsu-column-pad\" ><div  class=\"tatsu-module tatsu-text-block-wrap tatsu-g0tcfcvqsfe0w1ut  \"><div class=\"tatsu-text-inner tatsu-align-center  clearfix\" ><style>.tatsu-g0tcfcvqsfe0w1ut.tatsu-text-block-wrap .tatsu-text-inner{width: 100%;text-align: left;}<\/style>\n<p><img loading=\"lazy\" decoding=\"async\" class=\"aligncenter wp-image-1334 size-full\" src=\"https:\/\/storlund.fi\/wp-content\/uploads\/2025\/02\/AAA-logo-2025-FI-transparent.webp\" alt=\"\" width=\"813\" height=\"468\" srcset=\"https:\/\/storlund.fi\/wp-content\/uploads\/2025\/02\/AAA-logo-2025-FI-transparent.webp 813w, https:\/\/storlund.fi\/wp-content\/uploads\/2025\/02\/AAA-logo-2025-FI-transparent-300x173.webp 300w, https:\/\/storlund.fi\/wp-content\/uploads\/2025\/02\/AAA-logo-2025-FI-transparent-768x442.webp 768w, https:\/\/storlund.fi\/wp-content\/uploads\/2025\/02\/AAA-logo-2025-FI-transparent-87x50.webp 87w, https:\/\/storlund.fi\/wp-content\/uploads\/2025\/02\/AAA-logo-2025-FI-transparent-650x374.webp 650w, https:\/\/storlund.fi\/wp-content\/uploads\/2025\/02\/AAA-logo-2025-FI-transparent-50x29.webp 50w\" sizes=\"auto, (max-width: 813px) 100vw, 813px\" \/><\/p>\n<\/div><\/div><\/div><\/div><div class = \"tatsu-column-bg-image-wrap\"><div class = \"tatsu-column-bg-image\" ><\/div><\/div><\/div><style>.tatsu-row > .tatsu-g0tcfcvqo53cdes.tatsu-column{width: 33.33%;}.tatsu-g0tcfcvqo53cdes.tatsu-column > .tatsu-column-inner > .tatsu-column-overlay{mix-blend-mode: none;}.tatsu-g0tcfcvqo53cdes > .tatsu-column-inner > .tatsu-top-divider{z-index: 9999;}.tatsu-g0tcfcvqo53cdes > .tatsu-column-inner > .tatsu-bottom-divider{z-index: 9999;}.tatsu-g0tcfcvqo53cdes > .tatsu-column-inner > .tatsu-left-divider{z-index: 9999;}.tatsu-g0tcfcvqo53cdes > .tatsu-column-inner > .tatsu-right-divider{z-index: 9999;}@media only screen and (max-width:1377px) {.tatsu-row > .tatsu-g0tcfcvqo53cdes.tatsu-column{width: 33.33%;}}@media only screen and (min-width:768px) and (max-width: 1024px) {.tatsu-row > .tatsu-g0tcfcvqo53cdes.tatsu-column{width: 33.33%;}}@media only screen and (max-width: 767px) {.tatsu-row > .tatsu-g0tcfcvqo53cdes.tatsu-column{width: 100%;}}<\/style><\/div><div  class=\"tatsu-column  tatsu-column-no-bg tatsu-one-third tatsu-column-image-none tatsu-column-effect-none  tatsu-g0tcfcvsao98g074\"  data-parallax-speed=\"0\" style=\"\"><div class=\"tatsu-column-inner \" ><div class=\"tatsu-column-pad-wrap\"><div class=\"tatsu-column-pad\" ><div  class=\"tatsu-module tatsu-text-block-wrap tatsu-g0tcfcvsdoe3ngqa  \"><div class=\"tatsu-text-inner tatsu-align-center  clearfix\" ><style>.tatsu-g0tcfcvsdoe3ngqa.tatsu-text-block-wrap .tatsu-text-inner{width: 100%;text-align: left;}<\/style>\n<p><img loading=\"lazy\" decoding=\"async\" class=\"alignnone wp-image-158 size-full\" src=\"https:\/\/storlund.fi\/wp-content\/uploads\/2017\/09\/LK-tunnus_vihre\u00e4_svensk.jpg\" alt=\"\" width=\"568\" height=\"239\" srcset=\"https:\/\/storlund.fi\/wp-content\/uploads\/2017\/09\/LK-tunnus_vihre\u00e4_svensk.jpg 568w, https:\/\/storlund.fi\/wp-content\/uploads\/2017\/09\/LK-tunnus_vihre\u00e4_svensk-300x126.jpg 300w, https:\/\/storlund.fi\/wp-content\/uploads\/2017\/09\/LK-tunnus_vihre\u00e4_svensk-119x50.jpg 119w\" sizes=\"auto, (max-width: 568px) 100vw, 568px\" \/><\/p>\n<\/div><\/div><\/div><\/div><div class = \"tatsu-column-bg-image-wrap\"><div class = \"tatsu-column-bg-image\" ><\/div><\/div><\/div><style>.tatsu-row > .tatsu-g0tcfcvsao98g074.tatsu-column{width: 33.33%;}.tatsu-g0tcfcvsao98g074.tatsu-column > .tatsu-column-inner > .tatsu-column-overlay{mix-blend-mode: none;}.tatsu-g0tcfcvsao98g074 > .tatsu-column-inner > .tatsu-top-divider{z-index: 9999;}.tatsu-g0tcfcvsao98g074 > .tatsu-column-inner > .tatsu-bottom-divider{z-index: 9999;}.tatsu-g0tcfcvsao98g074 > .tatsu-column-inner > .tatsu-left-divider{z-index: 9999;}.tatsu-g0tcfcvsao98g074 > .tatsu-column-inner > .tatsu-right-divider{z-index: 9999;}@media only screen and (max-width:1377px) {.tatsu-row > .tatsu-g0tcfcvsao98g074.tatsu-column{width: 33.33%;}}@media only screen and (min-width:768px) and (max-width: 1024px) {.tatsu-row > .tatsu-g0tcfcvsao98g074.tatsu-column{width: 33.33%;}}@media only screen and (max-width: 767px) {.tatsu-row > .tatsu-g0tcfcvsao98g074.tatsu-column{width: 100%;}}<\/style><\/div><\/div><\/div><\/div><div class=\"tatsu-section-background-wrap\"><div class = \"tatsu-section-background\" ><\/div><\/div><style>.tatsu-g0tcfcvf8ofx2ebx .tatsu-section-pad{padding: 60px 5% 60px 5%;}.tatsu-g0tcfcvf8ofx2ebx.tatsu-section{margin: 0px 0% 0px 0% ;}.tatsu-g0tcfcvf8ofx2ebx > .tatsu-bottom-divider{z-index: 9999;}.tatsu-g0tcfcvf8ofx2ebx > .tatsu-top-divider{z-index: 9999;}@media only screen and (min-width:768px) and (max-width: 1024px) {.tatsu-g0tcfcvf8ofx2ebx .tatsu-section-pad{padding: 60px 2% 60px 2%;}}@media only screen and (max-width: 767px) {.tatsu-g0tcfcvf8ofx2ebx .tatsu-section-pad{padding: 60px 5% 60px 5%;}}<\/style><\/div>\n","protected":false},"excerpt":{"rendered":"<p><a href=\"https:\/\/storlund.fi\/fi\/yrityksemme\/\" class=\"more-link style1-button\">Read More<\/a><\/p>","protected":false},"author":1,"featured_media":0,"parent":0,"menu_order":0,"comment_status":"closed","ping_status":"closed","template":"","meta":{"footnotes":""},"class_list":["post-219","page","type-page","status-publish","hentry"],"yoast_head":"<!-- This site is optimized with the Yoast SEO plugin v27.4 - https:\/\/yoast.com\/product\/yoast-seo-wordpress\/ -->\n<title>Yrityksemme - Byggtj\u00e4nst H-E Storlund<\/title>\n<meta name=\"robots\" content=\"index, follow, max-snippet:-1, max-image-preview:large, max-video-preview:-1\" \/>\n<link rel=\"canonical\" href=\"https:\/\/storlund.fi\/fi\/yrityksemme\/\" \/>\n<meta property=\"og:locale\" content=\"fi_FI\" \/>\n<meta property=\"og:type\" content=\"article\" \/>\n<meta property=\"og:title\" content=\"Yrityksemme - Byggtj\u00e4nst H-E Storlund\" \/>\n<meta property=\"og:url\" content=\"https:\/\/storlund.fi\/fi\/yrityksemme\/\" \/>\n<meta property=\"og:site_name\" content=\"Byggtj\u00e4nst H-E Storlund\" \/>\n<meta property=\"article:modified_time\" content=\"2025-02-03T09:28:53+00:00\" \/>\n<meta property=\"og:image\" content=\"https:\/\/storlund.fi\/wp-content\/uploads\/2017\/09\/Blomsterhuset.jpg\" \/>\n\t<meta property=\"og:image:width\" content=\"1633\" \/>\n\t<meta property=\"og:image:height\" content=\"1411\" \/>\n\t<meta property=\"og:image:type\" content=\"image\/jpeg\" \/>\n<meta name=\"twitter:card\" content=\"summary_large_image\" \/>\n<meta name=\"twitter:label1\" content=\"Arvioitu lukuaika\" \/>\n\t<meta name=\"twitter:data1\" content=\"17 minuuttia\" \/>\n<script type=\"application\/ld+json\" class=\"yoast-schema-graph\">{\"@context\":\"https:\\\/\\\/schema.org\",\"@graph\":[{\"@type\":\"WebPage\",\"@id\":\"https:\\\/\\\/storlund.fi\\\/fi\\\/yrityksemme\\\/\",\"url\":\"https:\\\/\\\/storlund.fi\\\/fi\\\/yrityksemme\\\/\",\"name\":\"Yrityksemme - Byggtj\u00e4nst H-E Storlund\",\"isPartOf\":{\"@id\":\"https:\\\/\\\/storlund.fi\\\/#website\"},\"primaryImageOfPage\":{\"@id\":\"https:\\\/\\\/storlund.fi\\\/fi\\\/yrityksemme\\\/#primaryimage\"},\"image\":{\"@id\":\"https:\\\/\\\/storlund.fi\\\/fi\\\/yrityksemme\\\/#primaryimage\"},\"thumbnailUrl\":\"https:\\\/\\\/storlund.fi\\\/wp-content\\\/uploads\\\/2017\\\/09\\\/Blomsterhuset.jpg\",\"datePublished\":\"2017-11-13T11:27:56+00:00\",\"dateModified\":\"2025-02-03T09:28:53+00:00\",\"breadcrumb\":{\"@id\":\"https:\\\/\\\/storlund.fi\\\/fi\\\/yrityksemme\\\/#breadcrumb\"},\"inLanguage\":\"fi\",\"potentialAction\":[{\"@type\":\"ReadAction\",\"target\":[\"https:\\\/\\\/storlund.fi\\\/fi\\\/yrityksemme\\\/\"]}]},{\"@type\":\"ImageObject\",\"inLanguage\":\"fi\",\"@id\":\"https:\\\/\\\/storlund.fi\\\/fi\\\/yrityksemme\\\/#primaryimage\",\"url\":\"https:\\\/\\\/storlund.fi\\\/wp-content\\\/uploads\\\/2017\\\/09\\\/Blomsterhuset.jpg\",\"contentUrl\":\"https:\\\/\\\/storlund.fi\\\/wp-content\\\/uploads\\\/2017\\\/09\\\/Blomsterhuset.jpg\"},{\"@type\":\"BreadcrumbList\",\"@id\":\"https:\\\/\\\/storlund.fi\\\/fi\\\/yrityksemme\\\/#breadcrumb\",\"itemListElement\":[{\"@type\":\"ListItem\",\"position\":1,\"name\":\"Home\",\"item\":\"https:\\\/\\\/storlund.fi\\\/fi\\\/\"},{\"@type\":\"ListItem\",\"position\":2,\"name\":\"Yrityksemme\"}]},{\"@type\":\"WebSite\",\"@id\":\"https:\\\/\\\/storlund.fi\\\/#website\",\"url\":\"https:\\\/\\\/storlund.fi\\\/\",\"name\":\"Byggtj\u00e4nst H-E Storlund\",\"description\":\"Allt fr\u00e5n sm\u00e5 reparationer till miljonklassprojekt.\",\"potentialAction\":[{\"@type\":\"SearchAction\",\"target\":{\"@type\":\"EntryPoint\",\"urlTemplate\":\"https:\\\/\\\/storlund.fi\\\/?s={search_term_string}\"},\"query-input\":{\"@type\":\"PropertyValueSpecification\",\"valueRequired\":true,\"valueName\":\"search_term_string\"}}],\"inLanguage\":\"fi\"}]}<\/script>\n<!-- \/ Yoast SEO plugin. -->","yoast_head_json":{"title":"Yrityksemme - Byggtj\u00e4nst H-E Storlund","robots":{"index":"index","follow":"follow","max-snippet":"max-snippet:-1","max-image-preview":"max-image-preview:large","max-video-preview":"max-video-preview:-1"},"canonical":"https:\/\/storlund.fi\/fi\/yrityksemme\/","og_locale":"fi_FI","og_type":"article","og_title":"Yrityksemme - Byggtj\u00e4nst H-E Storlund","og_url":"https:\/\/storlund.fi\/fi\/yrityksemme\/","og_site_name":"Byggtj\u00e4nst H-E Storlund","article_modified_time":"2025-02-03T09:28:53+00:00","og_image":[{"width":1633,"height":1411,"url":"https:\/\/storlund.fi\/wp-content\/uploads\/2017\/09\/Blomsterhuset.jpg","type":"image\/jpeg"}],"twitter_card":"summary_large_image","twitter_misc":{"Arvioitu lukuaika":"17 minuuttia"},"schema":{"@context":"https:\/\/schema.org","@graph":[{"@type":"WebPage","@id":"https:\/\/storlund.fi\/fi\/yrityksemme\/","url":"https:\/\/storlund.fi\/fi\/yrityksemme\/","name":"Yrityksemme - Byggtj\u00e4nst H-E Storlund","isPartOf":{"@id":"https:\/\/storlund.fi\/#website"},"primaryImageOfPage":{"@id":"https:\/\/storlund.fi\/fi\/yrityksemme\/#primaryimage"},"image":{"@id":"https:\/\/storlund.fi\/fi\/yrityksemme\/#primaryimage"},"thumbnailUrl":"https:\/\/storlund.fi\/wp-content\/uploads\/2017\/09\/Blomsterhuset.jpg","datePublished":"2017-11-13T11:27:56+00:00","dateModified":"2025-02-03T09:28:53+00:00","breadcrumb":{"@id":"https:\/\/storlund.fi\/fi\/yrityksemme\/#breadcrumb"},"inLanguage":"fi","potentialAction":[{"@type":"ReadAction","target":["https:\/\/storlund.fi\/fi\/yrityksemme\/"]}]},{"@type":"ImageObject","inLanguage":"fi","@id":"https:\/\/storlund.fi\/fi\/yrityksemme\/#primaryimage","url":"https:\/\/storlund.fi\/wp-content\/uploads\/2017\/09\/Blomsterhuset.jpg","contentUrl":"https:\/\/storlund.fi\/wp-content\/uploads\/2017\/09\/Blomsterhuset.jpg"},{"@type":"BreadcrumbList","@id":"https:\/\/storlund.fi\/fi\/yrityksemme\/#breadcrumb","itemListElement":[{"@type":"ListItem","position":1,"name":"Home","item":"https:\/\/storlund.fi\/fi\/"},{"@type":"ListItem","position":2,"name":"Yrityksemme"}]},{"@type":"WebSite","@id":"https:\/\/storlund.fi\/#website","url":"https:\/\/storlund.fi\/","name":"Byggtj\u00e4nst H-E Storlund","description":"Allt fr\u00e5n sm\u00e5 reparationer till miljonklassprojekt.","potentialAction":[{"@type":"SearchAction","target":{"@type":"EntryPoint","urlTemplate":"https:\/\/storlund.fi\/?s={search_term_string}"},"query-input":{"@type":"PropertyValueSpecification","valueRequired":true,"valueName":"search_term_string"}}],"inLanguage":"fi"}]}},"_links":{"self":[{"href":"https:\/\/storlund.fi\/fi\/wp-json\/wp\/v2\/pages\/219","targetHints":{"allow":["GET"]}}],"collection":[{"href":"https:\/\/storlund.fi\/fi\/wp-json\/wp\/v2\/pages"}],"about":[{"href":"https:\/\/storlund.fi\/fi\/wp-json\/wp\/v2\/types\/page"}],"author":[{"embeddable":true,"href":"https:\/\/storlund.fi\/fi\/wp-json\/wp\/v2\/users\/1"}],"replies":[{"embeddable":true,"href":"https:\/\/storlund.fi\/fi\/wp-json\/wp\/v2\/comments?post=219"}],"version-history":[{"count":0,"href":"https:\/\/storlund.fi\/fi\/wp-json\/wp\/v2\/pages\/219\/revisions"}],"wp:attachment":[{"href":"https:\/\/storlund.fi\/fi\/wp-json\/wp\/v2\/media?parent=219"}],"curies":[{"name":"wp","href":"https:\/\/api.w.org\/{rel}","templated":true}]}}