{"id":230,"date":"2017-11-13T15:17:02","date_gmt":"2017-11-13T15:17:02","guid":{"rendered":"https:\/\/storlund.fi?page_id=230"},"modified":"2019-03-06T12:39:55","modified_gmt":"2019-03-06T12:39:55","slug":"ota-yhteytta","status":"publish","type":"page","link":"https:\/\/storlund.fi\/fi\/ota-yhteytta\/","title":{"rendered":"Ota yhteytt\u00e4"},"content":{"rendered":"<div  class=\"tatsu-g0tcva7n4zcgvkpa tatsu-section    tatsu-clearfix\" data-title=\"\"  data-headerscheme=\"background--dark\"><div class='tatsu-section-pad clearfix' data-padding='{\"d\":\"90px 5% 60px 5%\",\"t\":\"90px 2% 60px 2%\"}' data-padding-top='90px'><div class=\"tatsu-row-wrap  tatsu-row-full-width tatsu-row-one-col tatsu-row-has-one-cols tatsu-medium-gutter tatsu-reg-cols  tatsu-clearfix tatsu-g0tcva7n9k5waw6i\" ><div  class=\"tatsu-row \" ><div  class=\"tatsu-column  tatsu-column-no-bg tatsu-one-col tatsu-column-image-none tatsu-column-effect-none  tatsu-g0tcva7ne68s3v30\" data-animation=\"fadeIn\"   data-parallax-speed=\"0\" style=\"\"><div class=\"tatsu-column-inner \" ><div class=\"tatsu-column-pad-wrap\"><div class=\"tatsu-column-pad\" ><div  class=\"special-heading-wrap style1 oshine-module  tatsu-g0tcva7nhy4p5aup  \" data-animation=\"fadeIn\"  ><div class=\"special-heading align-center\"><h3 class=\"special-h-tag\" >Ota yhteytt\u00e4<\/h3><div class=\"sep-with-icon-wrap margin-bottom\"><span class=\"sep-with-icon\" ><\/span><i class=\"sep-icon font-icon icon-tools\"><\/i><span class=\"sep-with-icon\" ><\/span><\/div><\/div><style>.tatsu-g0tcva7nhy4p5aup .special-h-tag{color: rgba(62,137,222,1) ;}.tatsu-g0tcva7nhy4p5aup .sep-icon.oshine_diamond{background: #3e89de;}.tatsu-g0tcva7nhy4p5aup .sep-icon{color: #3e89de ;}.tatsu-g0tcva7nhy4p5aup .sep-with-icon{height: 1px;width: 20px;background: rgba(62,137,222,1);}<\/style><\/div><div  class=\"tatsu-module tatsu-text-block-wrap tatsu-g0tcva7qqt9ulej3  \"><div class=\"tatsu-text-inner tatsu-align-center  clearfix\" data-animation=\"fadeIn\"  ><style>.tatsu-g0tcva7qqt9ulej3.tatsu-text-block-wrap .tatsu-text-inner{width: 50%;text-align: left;}@media only screen and (min-width:768px) and (max-width: 1024px) {.tatsu-g0tcva7qqt9ulej3.tatsu-text-block-wrap .tatsu-text-inner{width: 80%;}}@media only screen and (max-width: 767px) {.tatsu-g0tcva7qqt9ulej3.tatsu-text-block-wrap .tatsu-text-inner{width: 100%;}}<\/style>\n<p style=\"text-align: center;\"><span style=\"font-size: 12pt; color: #000000;\"><strong>Jos sinulla on kysytt\u00e4v\u00e4\u00e4 tai haluat saada lis\u00e4tietoja, soita meille tai t\u00e4yt\u00e4 alla oleva lomake, niin otamme sinuun yhteytt\u00e4 mahdollisimman pian!<\/strong><\/span><\/p>\n<\/div><\/div><div  class=\"tatsu-module tatsu-icon-group tatsu-g0tcva7ray4fsaqe  \"  ><style>.tatsu-g0tcva7ray4fsaqe.tatsu-icon-group{text-align: center;margin: 0px 0px 20px 0px;}<\/style><div  class=\"tatsu-module tatsu-normal-icon tatsu-icon-shortcode align-none tatsu-g0tcva7s1p8c23kf   \"><style>.tatsu-g0tcva7s1p8c23kf .tatsu-icon{color: #3e89de ;}<\/style><a href=\"https:\/\/www.facebook.com\/byggtjanststorlund\/\"  class=\"tatsu-icon-wrap plain     \" data-animation=\"fadeIn\"   aria-label=\"icon-facebook3\" data-gdpr-atts={}   ><i class=\"tatsu-icon tatsu-custom-icon tatsu-custom-icon-class icon-facebook3 medium plain\"><\/i><\/a><\/div><\/div><\/div><\/div><div class = \"tatsu-column-bg-image-wrap\"><div class = \"tatsu-column-bg-image\" ><\/div><\/div><\/div><style>.tatsu-row > .tatsu-g0tcva7ne68s3v30.tatsu-column{width: 100%;}.tatsu-g0tcva7ne68s3v30.tatsu-column > .tatsu-column-inner > .tatsu-column-overlay{mix-blend-mode: none;}.tatsu-g0tcva7ne68s3v30 > .tatsu-column-inner > .tatsu-top-divider{z-index: 9999;}.tatsu-g0tcva7ne68s3v30 > .tatsu-column-inner > .tatsu-bottom-divider{z-index: 9999;}.tatsu-g0tcva7ne68s3v30 > .tatsu-column-inner > .tatsu-left-divider{z-index: 9999;}.tatsu-g0tcva7ne68s3v30 > .tatsu-column-inner > .tatsu-right-divider{z-index: 9999;}.tatsu-g0tcva7ne68s3v30.tatsu-column{transform: translate3d(0px,0px, 0);}<\/style><\/div><\/div><\/div><div class=\"tatsu-row-wrap  tatsu-row-full-width tatsu-row-has-two-cols tatsu-large-gutter tatsu-reg-cols  tatsu-clearfix tatsu-g0tcva7sfq2lkkl9\" ><div  class=\"tatsu-row \" ><div  class=\"tatsu-column  tatsu-column-no-bg tatsu-two-third tatsu-column-image-none tatsu-column-effect-none  tatsu-g0tcva7sji3cqdod\" data-animation=\"fadeIn\"   data-parallax-speed=\"0\" style=\"\"><div class=\"tatsu-column-inner \" ><div class=\"tatsu-column-pad-wrap\"><div class=\"tatsu-column-pad\" ><div  class=\"tatsu-shortcode-module tatsu-module tatsu-g0tcva7smz2h7ply   \"  >\n<div class=\"wpcf7 no-js\" id=\"wpcf7-f229-o1\" lang=\"sv-SE\" dir=\"ltr\" data-wpcf7-id=\"229\">\n<div class=\"screen-reader-response\"><p role=\"status\" aria-live=\"polite\" aria-atomic=\"true\"><\/p> <ul><\/ul><\/div>\n<form action=\"\/fi\/wp-json\/wp\/v2\/pages\/230#wpcf7-f229-o1\" method=\"post\" class=\"wpcf7-form init\" aria-label=\"Kontaktformul\u00e4r\" novalidate=\"novalidate\" data-status=\"init\">\n<fieldset class=\"hidden-fields-container\"><input type=\"hidden\" name=\"_wpcf7\" value=\"229\" \/><input type=\"hidden\" name=\"_wpcf7_version\" value=\"6.1.5\" \/><input type=\"hidden\" name=\"_wpcf7_locale\" value=\"sv_SE\" \/><input type=\"hidden\" name=\"_wpcf7_unit_tag\" value=\"wpcf7-f229-o1\" \/><input type=\"hidden\" name=\"_wpcf7_container_post\" value=\"0\" \/><input type=\"hidden\" name=\"_wpcf7_posted_data_hash\" value=\"\" \/>\n<\/fieldset>\n<p><label> Nimi*<br \/>\n<span class=\"wpcf7-form-control-wrap\" data-name=\"your-name\"><input size=\"40\" maxlength=\"400\" class=\"wpcf7-form-control wpcf7-text wpcf7-validates-as-required\" aria-required=\"true\" aria-invalid=\"false\" value=\"\" type=\"text\" name=\"your-name\" \/><\/span> <\/label>\n<\/p>\n<p><label> S\u00e4hk\u00f6posti*<br \/>\n<span class=\"wpcf7-form-control-wrap\" data-name=\"your-email\"><input size=\"40\" maxlength=\"400\" class=\"wpcf7-form-control wpcf7-email wpcf7-validates-as-required wpcf7-text wpcf7-validates-as-email\" aria-required=\"true\" aria-invalid=\"false\" value=\"\" type=\"email\" name=\"your-email\" \/><\/span> <\/label>\n<\/p>\n<p><label> Aihe<br \/>\n<span class=\"wpcf7-form-control-wrap\" data-name=\"your-subject\"><input size=\"40\" maxlength=\"400\" class=\"wpcf7-form-control wpcf7-text\" aria-invalid=\"false\" value=\"\" type=\"text\" name=\"your-subject\" \/><\/span> <\/label>\n<\/p>\n<p><label> Viesti*<br \/>\n<span class=\"wpcf7-form-control-wrap\" data-name=\"your-message\"><textarea cols=\"40\" rows=\"10\" maxlength=\"2000\" class=\"wpcf7-form-control wpcf7-textarea\" aria-invalid=\"false\" name=\"your-message\"><\/textarea><\/span> <\/label>\n<\/p>\n<p><input class=\"wpcf7-form-control wpcf7-submit has-spinner\" type=\"submit\" value=\"L\u00e4het\u00e4\" \/>\n<\/p><div class=\"wpcf7-response-output\" aria-hidden=\"true\"><\/div>\n<\/form>\n<\/div>\n<br \/>\n<\/div><\/div><\/div><div class = \"tatsu-column-bg-image-wrap\"><div class = \"tatsu-column-bg-image\" ><\/div><\/div><\/div><style>.tatsu-row > .tatsu-g0tcva7sji3cqdod.tatsu-column{width: 66.67%;}.tatsu-g0tcva7sji3cqdod.tatsu-column > .tatsu-column-inner > .tatsu-column-overlay{mix-blend-mode: none;}.tatsu-g0tcva7sji3cqdod > .tatsu-column-inner > .tatsu-top-divider{z-index: 9999;}.tatsu-g0tcva7sji3cqdod > .tatsu-column-inner > .tatsu-bottom-divider{z-index: 9999;}.tatsu-g0tcva7sji3cqdod > .tatsu-column-inner > .tatsu-left-divider{z-index: 9999;}.tatsu-g0tcva7sji3cqdod > .tatsu-column-inner > .tatsu-right-divider{z-index: 9999;}.tatsu-g0tcva7sji3cqdod.tatsu-column{transform: translate3d(0px,0px, 0);}@media only screen and (max-width: 767px) {.tatsu-row > .tatsu-g0tcva7sji3cqdod.tatsu-column{width: 100%;}}<\/style><\/div><div  class=\"tatsu-column  tatsu-column-no-bg tatsu-one-third tatsu-column-image-none tatsu-column-effect-none  tatsu-g0tcva7vytbuoad\" data-animation=\"fadeIn\"   data-parallax-speed=\"0\" style=\"\"><div class=\"tatsu-column-inner \" ><div class=\"tatsu-column-pad-wrap\"><div class=\"tatsu-column-pad\" ><div  class=\"tatsu-g0tcva7w2ncs8urw team-shortcode-wrap oshine-module tatsu-animate\" data-animation=\"fadeIn\"   ><div class=\"element  c_to_c style5-title\"><div class=\"element-inner\"><div class=\"flip-wrap\"><div class=\"flip-img-wrap none-effect\"><img decoding=\"async\" src=\"https:\/\/storlund.fi\/wp-content\/uploads\/2017\/10\/Staffan-Julin.jpg\" alt=\"Staffan Julin\" \/><\/div><\/div><div class=\"thumb-overlay\"><div class=\"thumb-bg\" ><div class=\"display-table\"><div class=\"display-table-cell vertical-align-middle\"><div class=\"team-wrap clearfix\" ><h5 class=\"team-title\" >Staffan Julin<\/h5><p class=\"designation\" >Toimitusjohtaja<\/p><p class=\"team-description\" >+358 50 3452656<\/p><ul class=\"team-social clearfix below\" ><li class=\"icon-shortcode\"><a href=\"https:\/\/www.facebook.com\/staffan.julin\" class=\"font-icon tatsu-icon team_icons\" target=\"_blank\"><i class=\"icon-facebook\"><\/i><\/a><\/li><li class=\"icon-shortcode\"><a href=\"mailto:staffan@storlund.fi\" class=\"font-icon tatsu-icon team_icons\" target=\"_top\"><i class=\"icon-email\"><\/i><\/a><\/li><\/ul><\/div><\/div><\/div><\/div><\/div><\/div><\/div><style>.tatsu-g0tcva7w2ncs8urw .team-title{color: rgba(62,137,222,1) ;}.tatsu-g0tcva7w2ncs8urw .team-description{color: rgba(62,137,222,1) ;}.tatsu-g0tcva7w2ncs8urw .designation{color: rgba(62,137,222,1) ;}.tatsu-g0tcva7w2ncs8urw i{color: rgba(62,137,222,1) ;}.tatsu-g0tcva7w2ncs8urw i:hover{color: rgba(62,137,222,1) ;}.tatsu-g0tcva7w2ncs8urw .team-wrap{text-align: center;}<\/style><\/div><\/div><\/div><div class = \"tatsu-column-bg-image-wrap\"><div class = \"tatsu-column-bg-image\" ><\/div><\/div><\/div><style>.tatsu-row > .tatsu-g0tcva7vytbuoad.tatsu-column{width: 33.33%;}.tatsu-g0tcva7vytbuoad.tatsu-column > .tatsu-column-inner > .tatsu-column-overlay{mix-blend-mode: none;}.tatsu-g0tcva7vytbuoad > .tatsu-column-inner > .tatsu-top-divider{z-index: 9999;}.tatsu-g0tcva7vytbuoad > .tatsu-column-inner > .tatsu-bottom-divider{z-index: 9999;}.tatsu-g0tcva7vytbuoad > .tatsu-column-inner > .tatsu-left-divider{z-index: 9999;}.tatsu-g0tcva7vytbuoad > .tatsu-column-inner > .tatsu-right-divider{z-index: 9999;}.tatsu-g0tcva7vytbuoad.tatsu-column{transform: translate3d(0px,0px, 0);}@media only screen and (max-width: 767px) {.tatsu-row > .tatsu-g0tcva7vytbuoad.tatsu-column{width: 100%;}}<\/style><\/div><\/div><\/div><\/div><div class=\"tatsu-section-background-wrap\"><div class = \"tatsu-section-background\" ><\/div><\/div><style>.tatsu-g0tcva7n4zcgvkpa .tatsu-section-pad{padding: 90px 5% 60px 5%;}.tatsu-g0tcva7n4zcgvkpa > .tatsu-bottom-divider{z-index: 9999;}.tatsu-g0tcva7n4zcgvkpa > .tatsu-top-divider{z-index: 9999;}@media only screen and (min-width:768px) and (max-width: 1024px) {.tatsu-g0tcva7n4zcgvkpa .tatsu-section-pad{padding: 90px 2% 60px 2%;}}<\/style><\/div>\n","protected":false},"excerpt":{"rendered":"<p><a href=\"https:\/\/storlund.fi\/fi\/ota-yhteytta\/\" class=\"more-link style1-button\">Read More<\/a><\/p>","protected":false},"author":1,"featured_media":0,"parent":0,"menu_order":0,"comment_status":"closed","ping_status":"closed","template":"","meta":{"footnotes":""},"class_list":["post-230","page","type-page","status-publish","hentry"],"yoast_head":"<!-- This site is optimized with the Yoast SEO plugin v27.4 - https:\/\/yoast.com\/product\/yoast-seo-wordpress\/ -->\n<title>Ota yhteytt\u00e4 - Byggtj\u00e4nst H-E Storlund<\/title>\n<meta name=\"robots\" content=\"index, follow, max-snippet:-1, max-image-preview:large, max-video-preview:-1\" \/>\n<link rel=\"canonical\" href=\"https:\/\/storlund.fi\/fi\/ota-yhteytta\/\" \/>\n<meta property=\"og:locale\" content=\"fi_FI\" \/>\n<meta property=\"og:type\" content=\"article\" \/>\n<meta property=\"og:title\" content=\"Ota yhteytt\u00e4 - Byggtj\u00e4nst H-E Storlund\" \/>\n<meta property=\"og:url\" content=\"https:\/\/storlund.fi\/fi\/ota-yhteytta\/\" \/>\n<meta property=\"og:site_name\" content=\"Byggtj\u00e4nst H-E Storlund\" \/>\n<meta property=\"article:modified_time\" content=\"2019-03-06T12:39:55+00:00\" \/>\n<meta property=\"og:image\" content=\"https:\/\/storlund.fi\/wp-content\/uploads\/2017\/07\/fbomslag.png\" \/>\n\t<meta property=\"og:image:width\" content=\"1200\" \/>\n\t<meta property=\"og:image:height\" content=\"590\" \/>\n\t<meta property=\"og:image:type\" content=\"image\/png\" \/>\n<meta name=\"twitter:card\" content=\"summary_large_image\" \/>\n<meta name=\"twitter:label1\" content=\"Arvioitu lukuaika\" \/>\n\t<meta name=\"twitter:data1\" content=\"7 minuuttia\" \/>\n<script type=\"application\/ld+json\" class=\"yoast-schema-graph\">{\"@context\":\"https:\\\/\\\/schema.org\",\"@graph\":[{\"@type\":\"WebPage\",\"@id\":\"https:\\\/\\\/storlund.fi\\\/fi\\\/ota-yhteytta\\\/\",\"url\":\"https:\\\/\\\/storlund.fi\\\/fi\\\/ota-yhteytta\\\/\",\"name\":\"Ota yhteytt\u00e4 - Byggtj\u00e4nst H-E Storlund\",\"isPartOf\":{\"@id\":\"https:\\\/\\\/storlund.fi\\\/#website\"},\"datePublished\":\"2017-11-13T15:17:02+00:00\",\"dateModified\":\"2019-03-06T12:39:55+00:00\",\"breadcrumb\":{\"@id\":\"https:\\\/\\\/storlund.fi\\\/fi\\\/ota-yhteytta\\\/#breadcrumb\"},\"inLanguage\":\"fi\",\"potentialAction\":[{\"@type\":\"ReadAction\",\"target\":[\"https:\\\/\\\/storlund.fi\\\/fi\\\/ota-yhteytta\\\/\"]}]},{\"@type\":\"BreadcrumbList\",\"@id\":\"https:\\\/\\\/storlund.fi\\\/fi\\\/ota-yhteytta\\\/#breadcrumb\",\"itemListElement\":[{\"@type\":\"ListItem\",\"position\":1,\"name\":\"Home\",\"item\":\"https:\\\/\\\/storlund.fi\\\/fi\\\/\"},{\"@type\":\"ListItem\",\"position\":2,\"name\":\"Ota yhteytt\u00e4\"}]},{\"@type\":\"WebSite\",\"@id\":\"https:\\\/\\\/storlund.fi\\\/#website\",\"url\":\"https:\\\/\\\/storlund.fi\\\/\",\"name\":\"Byggtj\u00e4nst H-E Storlund\",\"description\":\"Allt fr\u00e5n sm\u00e5 reparationer till miljonklassprojekt.\",\"potentialAction\":[{\"@type\":\"SearchAction\",\"target\":{\"@type\":\"EntryPoint\",\"urlTemplate\":\"https:\\\/\\\/storlund.fi\\\/?s={search_term_string}\"},\"query-input\":{\"@type\":\"PropertyValueSpecification\",\"valueRequired\":true,\"valueName\":\"search_term_string\"}}],\"inLanguage\":\"fi\"}]}<\/script>\n<!-- \/ Yoast SEO plugin. -->","yoast_head_json":{"title":"Ota yhteytt\u00e4 - Byggtj\u00e4nst H-E Storlund","robots":{"index":"index","follow":"follow","max-snippet":"max-snippet:-1","max-image-preview":"max-image-preview:large","max-video-preview":"max-video-preview:-1"},"canonical":"https:\/\/storlund.fi\/fi\/ota-yhteytta\/","og_locale":"fi_FI","og_type":"article","og_title":"Ota yhteytt\u00e4 - Byggtj\u00e4nst H-E Storlund","og_url":"https:\/\/storlund.fi\/fi\/ota-yhteytta\/","og_site_name":"Byggtj\u00e4nst H-E Storlund","article_modified_time":"2019-03-06T12:39:55+00:00","og_image":[{"width":1200,"height":590,"url":"https:\/\/storlund.fi\/wp-content\/uploads\/2017\/07\/fbomslag.png","type":"image\/png"}],"twitter_card":"summary_large_image","twitter_misc":{"Arvioitu lukuaika":"7 minuuttia"},"schema":{"@context":"https:\/\/schema.org","@graph":[{"@type":"WebPage","@id":"https:\/\/storlund.fi\/fi\/ota-yhteytta\/","url":"https:\/\/storlund.fi\/fi\/ota-yhteytta\/","name":"Ota yhteytt\u00e4 - Byggtj\u00e4nst H-E Storlund","isPartOf":{"@id":"https:\/\/storlund.fi\/#website"},"datePublished":"2017-11-13T15:17:02+00:00","dateModified":"2019-03-06T12:39:55+00:00","breadcrumb":{"@id":"https:\/\/storlund.fi\/fi\/ota-yhteytta\/#breadcrumb"},"inLanguage":"fi","potentialAction":[{"@type":"ReadAction","target":["https:\/\/storlund.fi\/fi\/ota-yhteytta\/"]}]},{"@type":"BreadcrumbList","@id":"https:\/\/storlund.fi\/fi\/ota-yhteytta\/#breadcrumb","itemListElement":[{"@type":"ListItem","position":1,"name":"Home","item":"https:\/\/storlund.fi\/fi\/"},{"@type":"ListItem","position":2,"name":"Ota yhteytt\u00e4"}]},{"@type":"WebSite","@id":"https:\/\/storlund.fi\/#website","url":"https:\/\/storlund.fi\/","name":"Byggtj\u00e4nst H-E Storlund","description":"Allt fr\u00e5n sm\u00e5 reparationer till miljonklassprojekt.","potentialAction":[{"@type":"SearchAction","target":{"@type":"EntryPoint","urlTemplate":"https:\/\/storlund.fi\/?s={search_term_string}"},"query-input":{"@type":"PropertyValueSpecification","valueRequired":true,"valueName":"search_term_string"}}],"inLanguage":"fi"}]}},"_links":{"self":[{"href":"https:\/\/storlund.fi\/fi\/wp-json\/wp\/v2\/pages\/230","targetHints":{"allow":["GET"]}}],"collection":[{"href":"https:\/\/storlund.fi\/fi\/wp-json\/wp\/v2\/pages"}],"about":[{"href":"https:\/\/storlund.fi\/fi\/wp-json\/wp\/v2\/types\/page"}],"author":[{"embeddable":true,"href":"https:\/\/storlund.fi\/fi\/wp-json\/wp\/v2\/users\/1"}],"replies":[{"embeddable":true,"href":"https:\/\/storlund.fi\/fi\/wp-json\/wp\/v2\/comments?post=230"}],"version-history":[{"count":0,"href":"https:\/\/storlund.fi\/fi\/wp-json\/wp\/v2\/pages\/230\/revisions"}],"wp:attachment":[{"href":"https:\/\/storlund.fi\/fi\/wp-json\/wp\/v2\/media?parent=230"}],"curies":[{"name":"wp","href":"https:\/\/api.w.org\/{rel}","templated":true}]}}